{"id":37,"date":"2025-10-30T09:37:29","date_gmt":"2025-10-30T09:37:29","guid":{"rendered":"https:\/\/abil-initiatives.org\/?page_id=37"},"modified":"2025-10-30T09:44:58","modified_gmt":"2025-10-30T09:44:58","slug":"contactez-nous","status":"publish","type":"page","link":"https:\/\/abil-initiatives.org\/index.php\/contactez-nous\/","title":{"rendered":"Contactez-nous !"},"content":{"rendered":"\n<p><strong>&nbsp;Envie d\u2019\u00e9changer ?<\/strong><\/p>\n\n\n\n<p><br>Chez&nbsp;<strong>Abil Initiatives,<\/strong>&nbsp;nous croyons que chaque chemin de vie m\u00e9rite d\u2019\u00eatre \u00e9cout\u00e9 et accompagn\u00e9 avec bienveillance.<br>Que vous ayez une question, un besoin d\u2019\u00e9clairage ou simplement l\u2019envie d\u2019en savoir un peu plus sur notre accompagnement nous serons ravis d\u2019\u00e9changer avec vous.<\/p>\n\n\n\n<p>\u00a0<strong>\u00c9crivez-nous \u00e0<\/strong>\u00a0:\u00a0<a>contact@abil-initiatives.org<\/a><\/p>\n\n\n\n<p><br>Nous vous r\u00e9pondrons avec attention, d\u00e8s que possible.<\/p>\n","protected":false},"excerpt":{"rendered":"<p>&nbsp;Envie d\u2019\u00e9changer ? Chez&nbsp;Abil Initiatives,&nbsp;nous croyons que chaque chemin de vie m\u00e9rite d\u2019\u00eatre \u00e9cout\u00e9 et accompagn\u00e9 avec bienveillance.Que vous ayez une question, un besoin d\u2019\u00e9clairage ou simplement l\u2019envie d\u2019en savoir un peu plus sur notre accompagnement nous serons ravis d\u2019\u00e9changer avec vous. \u00a0\u00c9crivez-nous \u00e0\u00a0:\u00a0contact@abil-initiatives.org Nous vous r\u00e9pondrons avec attention, d\u00e8s que possible.<\/p>\n","protected":false},"author":1,"featured_media":0,"parent":0,"menu_order":3,"comment_status":"closed","ping_status":"closed","template":"","meta":{"footnotes":""},"class_list":["post-37","page","type-page","status-publish","hentry"],"_links":{"self":[{"href":"https:\/\/abil-initiatives.org\/index.php\/wp-json\/wp\/v2\/pages\/37","targetHints":{"allow":["GET"]}}],"collection":[{"href":"https:\/\/abil-initiatives.org\/index.php\/wp-json\/wp\/v2\/pages"}],"about":[{"href":"https:\/\/abil-initiatives.org\/index.php\/wp-json\/wp\/v2\/types\/page"}],"author":[{"embeddable":true,"href":"https:\/\/abil-initiatives.org\/index.php\/wp-json\/wp\/v2\/users\/1"}],"replies":[{"embeddable":true,"href":"https:\/\/abil-initiatives.org\/index.php\/wp-json\/wp\/v2\/comments?post=37"}],"version-history":[{"count":1,"href":"https:\/\/abil-initiatives.org\/index.php\/wp-json\/wp\/v2\/pages\/37\/revisions"}],"predecessor-version":[{"id":38,"href":"https:\/\/abil-initiatives.org\/index.php\/wp-json\/wp\/v2\/pages\/37\/revisions\/38"}],"wp:attachment":[{"href":"https:\/\/abil-initiatives.org\/index.php\/wp-json\/wp\/v2\/media?parent=37"}],"curies":[{"name":"wp","href":"https:\/\/api.w.org\/{rel}","templated":true}]}}