{"id":2,"date":"2025-10-26T10:21:20","date_gmt":"2025-10-26T10:21:20","guid":{"rendered":"http:\/\/abil-initiatives.org\/?page_id=2"},"modified":"2025-10-30T09:44:05","modified_gmt":"2025-10-30T09:44:05","slug":"sample-page","status":"publish","type":"page","link":"https:\/\/abil-initiatives.org\/","title":{"rendered":"Abil Initiatives"},"content":{"rendered":"\n<h2 class=\"wp-block-heading\">\ud83c\udf31 Redonner du sens \u00e0 son parcours professionnel<\/h2>\n\n\n\n<h3 class=\"wp-block-heading\">Se r\u00e9inventer, c\u2019est possible. Et c\u2019est accessible \u00e0 tous.<\/h3>\n\n\n\n<p><strong>Abil Initiatives<\/strong> accompagne celles et ceux qui souhaitent redonner du sens \u00e0 leur vie professionnelle, se r\u00e9orienter ou simplement retrouver un nouvel \u00e9quilibre.<\/p>\n\n\n\n<p>Dans un cadre <strong>bienveillant et solidaire<\/strong>, nous offrons un <strong>accompagnement humain, concret et accessible<\/strong>, pour :<\/p>\n\n\n\n<ul class=\"wp-block-list\">\n<li>reprendre confiance en soi,<\/li>\n\n\n\n<li>clarifier ses envies et ses priorit\u00e9s,<\/li>\n\n\n\n<li>construire un projet professionnel align\u00e9 avec ses valeurs.<\/li>\n<\/ul>\n\n\n\n<hr class=\"wp-block-separator has-alpha-channel-opacity\"\/>\n\n\n\n<h2 class=\"wp-block-heading\">\ud83c\udfaf Notre mission<\/h2>\n\n\n\n<p><strong>Rendre l\u2019accompagnement accessible \u00e0 tous<\/strong>, quels que soient les moyens, le parcours ou la situation.<\/p>\n\n\n\n<p>Nos accompagnements sont possibles <strong>en visioconf\u00e9rence<\/strong>, pour permettre \u00e0 chacun de b\u00e9n\u00e9ficier d\u2019un soutien personnalis\u00e9, <strong>o\u00f9 qu\u2019il se trouve<\/strong>.<\/p>\n\n\n\n<hr class=\"wp-block-separator has-alpha-channel-opacity\"\/>\n\n\n\n<h2 class=\"wp-block-heading\">\ud83d\udca1 Notre approche<\/h2>\n\n\n\n<p>Une approche <strong>centr\u00e9e sur la personne<\/strong>, fond\u00e9e sur :<\/p>\n\n\n\n<ul class=\"wp-block-list\">\n<li>une <strong>\u00e9coute bienveillante et active<\/strong>,<\/li>\n\n\n\n<li>un <strong>accompagnement individuel<\/strong> adapt\u00e9 au rythme de chacun,<\/li>\n\n\n\n<li>des <strong>ressources concr\u00e8tes<\/strong> pour avancer pas \u00e0 pas vers un projet choisi.<\/li>\n<\/ul>\n\n\n\n<hr class=\"wp-block-separator has-alpha-channel-opacity\"\/>\n\n\n\n<h2 class=\"wp-block-heading\">\ud83e\udd1d Nos valeurs<\/h2>\n\n\n\n<p><strong>Humanit\u00e9 \u2013 Authenticit\u00e9 \u2013 Entraide \u2013 Libert\u00e9 de choix<\/strong><\/p>\n\n\n\n<p>Nous croyons en la <strong>capacit\u00e9 de chacun \u00e0 trouver en lui les ressources<\/strong> n\u00e9cessaires pour \u00e9voluer, se r\u00e9inventer et b\u00e2tir un parcours professionnel \u00e9panouissant.<\/p>\n\n\n\n<hr class=\"wp-block-separator has-alpha-channel-opacity\"\/>\n\n\n\n<blockquote class=\"wp-block-quote is-layout-flow wp-block-quote-is-layout-flow\">\n<figure class=\"wp-block-image size-large is-resized\"><img loading=\"lazy\" decoding=\"async\" width=\"1024\" height=\"683\" src=\"https:\/\/abil-initiatives.org\/wp-content\/uploads\/2025\/10\/ChatGPT-Image-26-oct.-2025-16_05_46-1024x683.png\" alt=\"\" class=\"wp-image-10\" style=\"width:537px;height:auto\" srcset=\"https:\/\/abil-initiatives.org\/wp-content\/uploads\/2025\/10\/ChatGPT-Image-26-oct.-2025-16_05_46-1024x683.png 1024w, https:\/\/abil-initiatives.org\/wp-content\/uploads\/2025\/10\/ChatGPT-Image-26-oct.-2025-16_05_46-300x200.png 300w, https:\/\/abil-initiatives.org\/wp-content\/uploads\/2025\/10\/ChatGPT-Image-26-oct.-2025-16_05_46-768x512.png 768w, https:\/\/abil-initiatives.org\/wp-content\/uploads\/2025\/10\/ChatGPT-Image-26-oct.-2025-16_05_46.png 1536w\" sizes=\"auto, (max-width: 1024px) 100vw, 1024px\" \/><\/figure>\n<\/blockquote>\n\n\n\n<p><\/p>\n","protected":false},"excerpt":{"rendered":"<p>\ud83c\udf31 Redonner du sens \u00e0 son parcours professionnel Se r\u00e9inventer, c\u2019est possible. Et c\u2019est accessible \u00e0 tous. Abil Initiatives accompagne celles et ceux qui souhaitent redonner du sens \u00e0 leur vie professionnelle, se r\u00e9orienter ou simplement retrouver un nouvel \u00e9quilibre. Dans un cadre bienveillant et solidaire, nous offrons un accompagnement humain, concret et accessible, pour [&hellip;]<\/p>\n","protected":false},"author":1,"featured_media":0,"parent":0,"menu_order":0,"comment_status":"closed","ping_status":"closed","template":"","meta":{"footnotes":""},"class_list":["post-2","page","type-page","status-publish","hentry"],"_links":{"self":[{"href":"https:\/\/abil-initiatives.org\/index.php\/wp-json\/wp\/v2\/pages\/2","targetHints":{"allow":["GET"]}}],"collection":[{"href":"https:\/\/abil-initiatives.org\/index.php\/wp-json\/wp\/v2\/pages"}],"about":[{"href":"https:\/\/abil-initiatives.org\/index.php\/wp-json\/wp\/v2\/types\/page"}],"author":[{"embeddable":true,"href":"https:\/\/abil-initiatives.org\/index.php\/wp-json\/wp\/v2\/users\/1"}],"replies":[{"embeddable":true,"href":"https:\/\/abil-initiatives.org\/index.php\/wp-json\/wp\/v2\/comments?post=2"}],"version-history":[{"count":3,"href":"https:\/\/abil-initiatives.org\/index.php\/wp-json\/wp\/v2\/pages\/2\/revisions"}],"predecessor-version":[{"id":20,"href":"https:\/\/abil-initiatives.org\/index.php\/wp-json\/wp\/v2\/pages\/2\/revisions\/20"}],"wp:attachment":[{"href":"https:\/\/abil-initiatives.org\/index.php\/wp-json\/wp\/v2\/media?parent=2"}],"curies":[{"name":"wp","href":"https:\/\/api.w.org\/{rel}","templated":true}]}}